{"id":14443,"date":"2025-03-28T09:36:01","date_gmt":"2025-03-28T08:36:01","guid":{"rendered":"https:\/\/balatongitar.hu\/berlet-jegy\/19th-international-guitar-festival-balatonfured-2025-masterclass-active-participant-fee\/"},"modified":"2025-03-28T09:36:01","modified_gmt":"2025-03-28T08:36:01","slug":"19th-international-guitar-festival-balatonfured-2025-masterclass-active-participant-fee","status":"publish","type":"product","link":"https:\/\/balatongitar.hu\/en\/berlet-jegy\/19th-international-guitar-festival-balatonfured-2025-masterclass-active-participant-fee\/","title":{"rendered":"19th International Guitar Festival Balatonf\u00fcred 2025   Masterclass \u2013 Active Participant Fee"},"content":{"rendered":"<p>Valid for an <strong>active<\/strong> participant in the Masterclasses of the 19th International Guitar Festival Balatonf\u00fcred 2025.<\/p>\n<p>In addition to paying the participation fee, it is mandatory to fill out the application form here:<br \/>\n<a href=\"https:\/\/balatongitar.hu\/en\/application-sheet-2025\/\">Apply for the Masterclasses<\/a><\/p>\n<p>&nbsp;<\/p>\n<p>Email: info@balatongitar.hu<\/p>\n<p>Organiser: E\u00f6tv\u00f6s Zenei Alap\u00edtv\u00e1ny,<br \/>\n2462 Martonv\u00e1s\u00e1r, J\u00f3kai M. u. 84.<br \/>\nTax number: 18509322-1-07<\/p>\n","protected":false},"excerpt":{"rendered":"<p>Masterclass \u2013 <strong>Active<\/strong> Participant Fee<br \/>\n19th International Guitar Festival Balatonf\u00fcred 2025<\/p>\n<p>Organiser: E\u00f6tv\u00f6s Zenei Alap\u00edtv\u00e1ny<br \/>\n2462 Martonv\u00e1s\u00e1r, J\u00f3kai M. u. 84.<br \/>\nTax number: 18509322-1-07<\/p>\n","protected":false},"featured_media":14237,"template":"","meta":[],"product_brand":[],"product_cat":[43],"product_tag":[],"class_list":{"0":"post-14443","1":"product","2":"type-product","3":"status-publish","4":"has-post-thumbnail","6":"product_cat-international-guitar-festival-balatonfured-2025","8":"first","9":"instock","10":"virtual","11":"purchasable","12":"product-type-ticket-event"},"_links":{"self":[{"href":"https:\/\/balatongitar.hu\/en\/wp-json\/wp\/v2\/product\/14443","targetHints":{"allow":["GET"]}}],"collection":[{"href":"https:\/\/balatongitar.hu\/en\/wp-json\/wp\/v2\/product"}],"about":[{"href":"https:\/\/balatongitar.hu\/en\/wp-json\/wp\/v2\/types\/product"}],"wp:featuredmedia":[{"embeddable":true,"href":"https:\/\/balatongitar.hu\/en\/wp-json\/wp\/v2\/media\/14237"}],"wp:attachment":[{"href":"https:\/\/balatongitar.hu\/en\/wp-json\/wp\/v2\/media?parent=14443"}],"wp:term":[{"taxonomy":"product_brand","embeddable":true,"href":"https:\/\/balatongitar.hu\/en\/wp-json\/wp\/v2\/product_brand?post=14443"},{"taxonomy":"product_cat","embeddable":true,"href":"https:\/\/balatongitar.hu\/en\/wp-json\/wp\/v2\/product_cat?post=14443"},{"taxonomy":"product_tag","embeddable":true,"href":"https:\/\/balatongitar.hu\/en\/wp-json\/wp\/v2\/product_tag?post=14443"}],"curies":[{"name":"wp","href":"https:\/\/api.w.org\/{rel}","templated":true}]}}