{"id":14442,"date":"2025-03-28T09:31:28","date_gmt":"2025-03-28T08:31:28","guid":{"rendered":"https:\/\/balatongitar.hu\/berlet-jegy\/international-guitar-festival-balatonfured-2025-festival-pass-valid-for-all-concerts-and-masterclasses\/"},"modified":"2025-03-28T09:31:28","modified_gmt":"2025-03-28T08:31:28","slug":"international-guitar-festival-balatonfured-2025-festival-pass-valid-for-all-concerts-and-masterclasses","status":"publish","type":"product","link":"https:\/\/balatongitar.hu\/en\/berlet-jegy\/international-guitar-festival-balatonfured-2025-festival-pass-valid-for-all-concerts-and-masterclasses\/","title":{"rendered":"International Guitar Festival Balatonf\u00fcred 2025   Festival Pass \u2013 valid for all concerts and Masterclasses"},"content":{"rendered":"<p>The festival pass for the 19th International Guitar Festival Balatonf\u00fcred 2025 is valid for one person for all seven evening concerts and Masterclasses as a <strong>passive participant<\/strong>.<\/p>\n<p><strong>Concerts<\/strong><\/p>\n<p><strong>June 22, 19:30 Sunday<\/strong><br \/>\nDuo Azul Horizonte \u2013 From Classical to Jazz<br \/>\nAntal Pusztai (HU\/A) and Miguel Delaquin (URG\/A)<\/p>\n<p><strong>June 23, 19:30 Monday<\/strong><br \/>\nB\u00e1lint Bress (Hungary)<br \/>\nFarkas T\u00e1trai (Hungary)<br \/>\n<em>Intermission<\/em><br \/>\nEma Kapor (Poland)<\/p>\n<p><strong>June 24, 19:30 Tuesday<\/strong><br \/>\nP\u00e9ter Somogyi (violin), L\u00e1szl\u00f3 P\u00f3lus (cello), J\u00f3zsef E\u00f6tv\u00f6s (guitar) (Hungary)<br \/>\n<em>Intermission<\/em><br \/>\nGuitar Orchestra of the Liszt Academy (Hungary)<\/p>\n<p><strong>June 25, 19:30 Wednesday<\/strong><br \/>\nLorenzo Micheli, guitarist (Italy)<\/p>\n<p><strong>June 26, 19:30 Thursday<\/strong><br \/>\nJavier Conde, guitarist (Spain)<\/p>\n<p><strong>June 27, 19:30 Friday<\/strong><br \/>\nAniello Desiderio, guitarist (Italy)<\/p>\n<p><strong>June 28, 19:30 Saturday<\/strong><br \/>\nSiqueira Lima Guitar Duo<\/p>\n<p><strong>Masterclasses<\/strong><\/p>\n<p><strong>June 23, 09:00 \u2013 13:00 Monday<\/strong><br \/>\n09:00\u201311:00 J\u00f3zsef E\u00f6tv\u00f6s, guitarist<br \/>\n11:00\u201313:00 Jazz Workshop \u2013 Antal Pusztai, guitarist<\/p>\n<p><strong>June 24, 09:00 \u2013 13:00 Tuesday<\/strong><br \/>\nJ\u00f3zsef E\u00f6tv\u00f6s, guitarist<\/p>\n<p><strong>June 25, 09:00 \u2013 13:00 Wednesday<\/strong><br \/>\n09:00\u201311:00 J\u00f3zsef E\u00f6tv\u00f6s, guitarist<br \/>\n11:00\u201313:00 Lorenzo Micheli, guitarist<\/p>\n<p><strong>June 26, 09:00 \u2013 13:00 Thursday<\/strong><br \/>\n09:00\u201311:00 Lorenzo Micheli, guitarist<br \/>\n11:00\u201313:00 J\u00f3zsef E\u00f6tv\u00f6s, guitarist<\/p>\n<p><strong>June 27, 09:00 \u2013 13:00 Friday<\/strong><br \/>\n09:00\u201311:00 J\u00f3zsef E\u00f6tv\u00f6s, guitarist<br \/>\n11:00\u201313:00 Flamenco Workshop \u2013 Javier Conde, guitarist<\/p>\n<p><strong>June 28, 09:00 \u2013 13:00 Saturday<\/strong><br \/>\nAniello Desiderio, guitarist<\/p>\n<p>Email: info@balatongitar.hu<\/p>\n<p>Please bring your purchased pass with you, either on your phone or in printed form.<\/p>\n<p>Organiser: E\u00f6tv\u00f6s Zenei Alap\u00edtv\u00e1ny, 2462 Martonv\u00e1s\u00e1r, J\u00f3kai M. u. 84. Tax number: 18509322-1-07<\/p>\n","protected":false},"excerpt":{"rendered":"<p>Valid for one person for all seven evening concerts and Masterclasses as a\u202f<strong>passive participant<\/strong><br \/>\nat the 19th International Guitar Festival Balatonf\u00fcred 2025.<\/p>\n<p>Organiser: E\u00f6tv\u00f6s Zenei Alap\u00edtv\u00e1ny,<br \/>\n2462 Martonv\u00e1s\u00e1r, J\u00f3kai M. u. 84.<br \/>\nTax number: 18509322-1-07<\/p>\n","protected":false},"featured_media":14237,"template":"","meta":[],"product_brand":[],"product_cat":[43],"product_tag":[],"class_list":{"0":"post-14442","1":"product","2":"type-product","3":"status-publish","4":"has-post-thumbnail","6":"product_cat-international-guitar-festival-balatonfured-2025","8":"first","9":"instock","10":"virtual","11":"purchasable","12":"product-type-ticket-event"},"_links":{"self":[{"href":"https:\/\/balatongitar.hu\/en\/wp-json\/wp\/v2\/product\/14442","targetHints":{"allow":["GET"]}}],"collection":[{"href":"https:\/\/balatongitar.hu\/en\/wp-json\/wp\/v2\/product"}],"about":[{"href":"https:\/\/balatongitar.hu\/en\/wp-json\/wp\/v2\/types\/product"}],"wp:featuredmedia":[{"embeddable":true,"href":"https:\/\/balatongitar.hu\/en\/wp-json\/wp\/v2\/media\/14237"}],"wp:attachment":[{"href":"https:\/\/balatongitar.hu\/en\/wp-json\/wp\/v2\/media?parent=14442"}],"wp:term":[{"taxonomy":"product_brand","embeddable":true,"href":"https:\/\/balatongitar.hu\/en\/wp-json\/wp\/v2\/product_brand?post=14442"},{"taxonomy":"product_cat","embeddable":true,"href":"https:\/\/balatongitar.hu\/en\/wp-json\/wp\/v2\/product_cat?post=14442"},{"taxonomy":"product_tag","embeddable":true,"href":"https:\/\/balatongitar.hu\/en\/wp-json\/wp\/v2\/product_tag?post=14442"}],"curies":[{"name":"wp","href":"https:\/\/api.w.org\/{rel}","templated":true}]}}