{"id":14441,"date":"2025-03-28T09:26:45","date_gmt":"2025-03-28T08:26:45","guid":{"rendered":"https:\/\/balatongitar.hu\/berlet-jegy\/ticket-purchase-for-the-june-22-duo-azul-horizonte-concert\/"},"modified":"2025-04-15T10:40:01","modified_gmt":"2025-04-15T08:40:01","slug":"ticket-purchase-for-the-june-22-duo-azul-horizonte-concert","status":"publish","type":"product","link":"https:\/\/balatongitar.hu\/en\/berlet-jegy\/ticket-purchase-for-the-june-22-duo-azul-horizonte-concert\/","title":{"rendered":"Ticket purchase for the June 22 Duo Azul Horizonte concert"},"content":{"rendered":"<p>Valid for the Duo Azul Horizonte concert on June 22, 2025, as part of the 19th International Guitar Festival Balatonf\u00fcred.<\/p>\n<p>June 22, 19:30 Sunday<\/p>\n<p>DUO AZUL HORIZONTE<br \/>\nFrom Classical to Jazz<br \/>\nANTAL PUSZTAI (HU\/A) and MIGUEL DELAQUIN (URG\/A)<br \/>\nProgramme includes works by: Chick Corea | Gismonti | Delaquin | Moup | Piazzolla | Pusztai<\/p>\n<p>Venue: Anna Grand Hotel Ballroom, Balatonf\u00fcred, Gy\u00f3gy t\u00e9r 1.<br \/>\nEmail: info@balatongitar.hu<\/p>\n<p>Please bring your purchased ticket with you either on your phone or in printed form.<\/p>\n<p>Organiser: E\u00f6tv\u00f6s Zenei Alap\u00edtv\u00e1ny<br \/>\n2462 Martonv\u00e1s\u00e1r, J\u00f3kai M. u. 84.<br \/>\nTax number: 18509322-1-07<\/p>\n","protected":false},"excerpt":{"rendered":"<p>Valid for the Duo Azul Horizonte concert on June 22, 2025, as part of the 19th International Guitar Festival Balatonf\u00fcred.<\/p>\n<p>Organiser: E\u00f6tv\u00f6s Zenei Alap\u00edtv\u00e1ny<br \/>\n2462 Martonv\u00e1s\u00e1r, J\u00f3kai M. u. 84.<br \/>\nTax number: 18509322-1-07<\/p>\n","protected":false},"featured_media":14258,"template":"","meta":[],"product_brand":[],"product_cat":[43],"product_tag":[44],"class_list":{"0":"post-14441","1":"product","2":"type-product","3":"status-publish","4":"has-post-thumbnail","6":"product_cat-international-guitar-festival-balatonfured-2025","7":"product_tag-duo-azul-horizonte-en","9":"first","10":"instock","11":"virtual","12":"purchasable","13":"product-type-ticket-event"},"_links":{"self":[{"href":"https:\/\/balatongitar.hu\/en\/wp-json\/wp\/v2\/product\/14441","targetHints":{"allow":["GET"]}}],"collection":[{"href":"https:\/\/balatongitar.hu\/en\/wp-json\/wp\/v2\/product"}],"about":[{"href":"https:\/\/balatongitar.hu\/en\/wp-json\/wp\/v2\/types\/product"}],"wp:featuredmedia":[{"embeddable":true,"href":"https:\/\/balatongitar.hu\/en\/wp-json\/wp\/v2\/media\/14258"}],"wp:attachment":[{"href":"https:\/\/balatongitar.hu\/en\/wp-json\/wp\/v2\/media?parent=14441"}],"wp:term":[{"taxonomy":"product_brand","embeddable":true,"href":"https:\/\/balatongitar.hu\/en\/wp-json\/wp\/v2\/product_brand?post=14441"},{"taxonomy":"product_cat","embeddable":true,"href":"https:\/\/balatongitar.hu\/en\/wp-json\/wp\/v2\/product_cat?post=14441"},{"taxonomy":"product_tag","embeddable":true,"href":"https:\/\/balatongitar.hu\/en\/wp-json\/wp\/v2\/product_tag?post=14441"}],"curies":[{"name":"wp","href":"https:\/\/api.w.org\/{rel}","templated":true}]}}