{"id":14436,"date":"2025-03-28T09:06:21","date_gmt":"2025-03-28T08:06:21","guid":{"rendered":"https:\/\/balatongitar.hu\/berlet-jegy\/ticket-purchase-for-the-june-24-concert-by-peter-somogyi-laszlo-polus-jozsef-eotvos-and-the-guitar-orchestra-of-the-liszt-academy\/"},"modified":"2025-04-15T10:48:05","modified_gmt":"2025-04-15T08:48:05","slug":"ticket-purchase-for-the-june-24-concert-by-peter-somogyi-laszlo-polus-jozsef-eotvos-and-the-guitar-orchestra-of-the-liszt-academy","status":"publish","type":"product","link":"https:\/\/balatongitar.hu\/en\/berlet-jegy\/ticket-purchase-for-the-june-24-concert-by-peter-somogyi-laszlo-polus-jozsef-eotvos-and-the-guitar-orchestra-of-the-liszt-academy\/","title":{"rendered":"Ticket purchase for the June 24 concert by P\u00e9ter Somogyi, L\u00e1szl\u00f3 P\u00f3lus, J\u00f3zsef E\u00f6tv\u00f6s, and the Guitar Orchestra of the Liszt Academy"},"content":{"rendered":"<p>Valid for the concert on June 24, 2025, by P\u00e9ter Somogyi, L\u00e1szl\u00f3 P\u00f3lus, J\u00f3zsef E\u00f6tv\u00f6s and the Guitar Orchestra of the Liszt Academy, as part of the 19th International Guitar Festival Balatonf\u00fcred.<\/p>\n<p><strong>24 June 19:30 Tuesday &#8211; organised jointly by the Tempev\u00f6lgy Publishing House and the Guitar Festival<\/strong><\/p>\n<p>P\u00c9TER SOMOGYI \u2013 violin<br \/>\nL\u00c1SZL\u00d3 P\u00d3LUS \u2013 cello<br \/>\nJ\u00d3ZSEF E\u00d6TV\u00d6S \u2013 guitar (Hungary)<br \/>\nProgramme: *Iv\u00e1n Madar\u00e1sz \u2013 Ten Prayers of Jan Janson*<\/p>\n<p>\u2013 \u2013 \u2013 intermission \u2013 \u2013 \u2013<\/p>\n<p>GUITAR ORCHESTRA OF THE LISZT ACADEMY<br \/>\n\u00c1d\u00e1m Istv\u00e1n, B\u00e1tai Lilla, Bogd\u00e1nyi Roland, G\u00e9g\u00e9nyi D\u00e1niel,<br \/>\nGirincsi M\u00e1rton, Kaszab M\u00e1ty\u00e1s, Kor\u00e9nyi Eszter, Ol\u00e1h Vilmos,<br \/>\nS\u00e1ndor Zal\u00e1n, Szegedi L\u00e1szl\u00f3, Szendi \u00c1goston, Szigeti Bence, Yang Wenqiang<br \/>\nConducted by: ERIKA CZAK\u00d3 (Hungary)<br \/>\nProgramme: *J\u00f3zsef E\u00f6tv\u00f6s \u2013 Moh\u00e1cs Suite and Rotenburg Suite*<\/p>\n<p>Venue: Anna Grand Hotel Ballroom, Balatonf\u00fcred, Gy\u00f3gy t\u00e9r 1.<br \/>\nEmail: info@balatongitar.hu<\/p>\n<p>Please bring your purchased ticket with you either on your phone or in printed form.<\/p>\n<p>Organiser: E\u00f6tv\u00f6s Zenei Alap\u00edtv\u00e1ny<br \/>\n2462 Martonv\u00e1s\u00e1r, J\u00f3kai M. u. 84.<br \/>\nTax number: 18509322-1-07<\/p>\n","protected":false},"excerpt":{"rendered":"<p>Valid for the concert on June 24, 2025, by P\u00e9ter Somogyi, L\u00e1szl\u00f3 P\u00f3lus, J\u00f3zsef E\u00f6tv\u00f6s, and the Guitar Orchestra of the Liszt Academy, as part of the 19th International Guitar Festival Balatonf\u00fcred.<\/p>\n<p>Organiser: E\u00f6tv\u00f6s Zenei Alap\u00edtv\u00e1ny<br \/>\n2462 Martonv\u00e1s\u00e1r, J\u00f3kai M. u. 84.<br \/>\nTax number: 18509322-1-07<\/p>\n","protected":false},"featured_media":0,"template":"","meta":[],"product_brand":[],"product_cat":[43],"product_tag":[],"class_list":{"0":"post-14436","1":"product","2":"type-product","3":"status-publish","5":"product_cat-international-guitar-festival-balatonfured-2025","7":"first","8":"instock","9":"virtual","10":"purchasable","11":"product-type-ticket-event"},"_links":{"self":[{"href":"https:\/\/balatongitar.hu\/en\/wp-json\/wp\/v2\/product\/14436","targetHints":{"allow":["GET"]}}],"collection":[{"href":"https:\/\/balatongitar.hu\/en\/wp-json\/wp\/v2\/product"}],"about":[{"href":"https:\/\/balatongitar.hu\/en\/wp-json\/wp\/v2\/types\/product"}],"wp:attachment":[{"href":"https:\/\/balatongitar.hu\/en\/wp-json\/wp\/v2\/media?parent=14436"}],"wp:term":[{"taxonomy":"product_brand","embeddable":true,"href":"https:\/\/balatongitar.hu\/en\/wp-json\/wp\/v2\/product_brand?post=14436"},{"taxonomy":"product_cat","embeddable":true,"href":"https:\/\/balatongitar.hu\/en\/wp-json\/wp\/v2\/product_cat?post=14436"},{"taxonomy":"product_tag","embeddable":true,"href":"https:\/\/balatongitar.hu\/en\/wp-json\/wp\/v2\/product_tag?post=14436"}],"curies":[{"name":"wp","href":"https:\/\/api.w.org\/{rel}","templated":true}]}}