{"id":7134,"date":"2018-05-14T15:03:37","date_gmt":"2018-05-14T15:03:37","guid":{"rendered":"http:\/\/www.balatongitar.hu\/?page_id=7134"},"modified":"2025-03-30T21:11:31","modified_gmt":"2025-03-30T19:11:31","slug":"impressum","status":"publish","type":"page","link":"https:\/\/balatongitar.hu\/en\/impressum\/","title":{"rendered":"Impressum"},"content":{"rendered":"<p><strong>Organizer:<\/strong> Balatonf\u00fcred International Guitar Festival Foundation<\/p>\n<p><strong>Artistic Director:<\/strong> J\u00f3zsef E\u00f6tv\u00f6s, Liszt Award winning guitarist<\/p>\n<p><strong>Organizer:<\/strong> Zita E\u00f6tv\u00f6s, Program Manager<\/p>\n<p><strong>Local co-ordinator:<\/strong> G\u00e1bor Csoma, co-ordinator<\/p>\n<p><strong>Founder:<\/strong> Gabor Csoma<\/p>\n<p><strong>Reception:<\/strong> Sipos Katalin , Szarka Tam\u00e1s<\/p>\n<p><strong>Graphic Design:<\/strong> Ferenc Szab\u00f3<\/p>\n<p><strong>Photos:<\/strong> Andrea Felv\u00e9gi, Zs\u00f3fi Raffay<\/p>\n<p><strong>Website:<\/strong> Creative websites Team<\/p>\n","protected":false},"excerpt":{"rendered":"<p>Organizer: Balatonf\u00fcred International Guitar Festival Foundation Artistic Director: J\u00f3zsef E\u00f6tv\u00f6s, Liszt Award winning guitarist Organizer: Zita E\u00f6tv\u00f6s, Program Manager Local co-ordinator: G\u00e1bor Csoma, co-ordinator Founder: Gabor Csoma Reception: Sipos Katalin , Szarka Tam\u00e1s Graphic Design: Ferenc Szab\u00f3 Photos: Andrea Felv\u00e9gi, Zs\u00f3fi Raffay Website: Creative websites Team<\/p>\n","protected":false},"author":1,"featured_media":0,"parent":0,"menu_order":0,"comment_status":"closed","ping_status":"closed","template":"","meta":{"footnotes":""},"class_list":["post-7134","page","type-page","status-publish","hentry"],"_links":{"self":[{"href":"https:\/\/balatongitar.hu\/en\/wp-json\/wp\/v2\/pages\/7134","targetHints":{"allow":["GET"]}}],"collection":[{"href":"https:\/\/balatongitar.hu\/en\/wp-json\/wp\/v2\/pages"}],"about":[{"href":"https:\/\/balatongitar.hu\/en\/wp-json\/wp\/v2\/types\/page"}],"author":[{"embeddable":true,"href":"https:\/\/balatongitar.hu\/en\/wp-json\/wp\/v2\/users\/1"}],"replies":[{"embeddable":true,"href":"https:\/\/balatongitar.hu\/en\/wp-json\/wp\/v2\/comments?post=7134"}],"version-history":[{"count":1,"href":"https:\/\/balatongitar.hu\/en\/wp-json\/wp\/v2\/pages\/7134\/revisions"}],"predecessor-version":[{"id":14482,"href":"https:\/\/balatongitar.hu\/en\/wp-json\/wp\/v2\/pages\/7134\/revisions\/14482"}],"wp:attachment":[{"href":"https:\/\/balatongitar.hu\/en\/wp-json\/wp\/v2\/media?parent=7134"}],"curies":[{"name":"wp","href":"https:\/\/api.w.org\/{rel}","templated":true}]}}