{"id":10079,"date":"2019-05-21T07:56:24","date_gmt":"2019-05-21T07:56:24","guid":{"rendered":"http:\/\/www.balatongitar.hu\/?page_id=10079"},"modified":"2025-06-27T20:10:03","modified_gmt":"2025-06-27T18:10:03","slug":"buying-tickets-and-season-tickets","status":"publish","type":"page","link":"https:\/\/balatongitar.hu\/en\/buying-tickets-and-season-tickets\/","title":{"rendered":"Buying tickets and season tickets"},"content":{"rendered":"<div id='full_slider_1'  class='avia-fullwidth-slider main_color avia-shadow   avia-builder-el-0  el_before_av_section  avia-builder-el-first   container_wrap fullsize'  ><div  class='avia-slideshow av-li5wz0i0-c3a092ff7c3bf8a53694c69275e8a2e0 avia-slideshow-no scaling av_slideshow_full avia-slide-slider av-slideshow-ui av-control-default av-slideshow-manual av-loop-once av-loop-manual-endless av-default-height-applied   avia-slideshow-1' data-slideshow-options=\"{&quot;animation&quot;:&quot;slide&quot;,&quot;autoplay&quot;:false,&quot;loop_autoplay&quot;:&quot;once&quot;,&quot;interval&quot;:5,&quot;loop_manual&quot;:&quot;manual-endless&quot;,&quot;autoplay_stopper&quot;:false,&quot;noNavigation&quot;:false,&quot;bg_slider&quot;:false,&quot;keep_padding&quot;:false,&quot;hoverpause&quot;:false,&quot;show_slide_delay&quot;:0}\"  itemprop=\"image\" itemscope=\"itemscope\" itemtype=\"https:\/\/schema.org\/ImageObject\" ><ul class='avia-slideshow-inner ' style='padding-bottom: 31.25%;'><li  class='avia-slideshow-slide av-li5wz0i0-c3a092ff7c3bf8a53694c69275e8a2e0__0  av-single-slide slide-1 slide-odd'><div data-rel='slideshow-1' class='avia-slide-wrap '   ><img decoding=\"async\" fetchpriority=\"high\" class=\"wp-image-14196 avia-img-lazy-loading-not-14196\"  src=\"https:\/\/balatongitar.hu\/wp-content\/uploads\/2025\/03\/2025_head__NIYTO_HUN_.jpg\" width=\"1920\" height=\"600\" title='2025_head__NIYTO_HUN_' alt=''  itemprop=\"thumbnailUrl\" srcset=\"https:\/\/balatongitar.hu\/wp-content\/uploads\/2025\/03\/2025_head__NIYTO_HUN_.jpg 1920w, https:\/\/balatongitar.hu\/wp-content\/uploads\/2025\/03\/2025_head__NIYTO_HUN_-600x188.jpg 600w, https:\/\/balatongitar.hu\/wp-content\/uploads\/2025\/03\/2025_head__NIYTO_HUN_-300x94.jpg 300w, https:\/\/balatongitar.hu\/wp-content\/uploads\/2025\/03\/2025_head__NIYTO_HUN_-1030x322.jpg 1030w, https:\/\/balatongitar.hu\/wp-content\/uploads\/2025\/03\/2025_head__NIYTO_HUN_-768x240.jpg 768w, https:\/\/balatongitar.hu\/wp-content\/uploads\/2025\/03\/2025_head__NIYTO_HUN_-1536x480.jpg 1536w, https:\/\/balatongitar.hu\/wp-content\/uploads\/2025\/03\/2025_head__NIYTO_HUN_-1500x469.jpg 1500w, https:\/\/balatongitar.hu\/wp-content\/uploads\/2025\/03\/2025_head__NIYTO_HUN_-705x220.jpg 705w, https:\/\/balatongitar.hu\/wp-content\/uploads\/2025\/03\/2025_head__NIYTO_HUN_-450x141.jpg 450w\" sizes=\"(max-width: 1920px) 100vw, 1920px\" \/><\/div><\/li><\/ul><\/div><\/div>\n<div id='av_section_1'  class='avia-section av-w8q9fq-00b1fc29bacc8a01f5a3501fb6731c4b main_color avia-section-default avia-no-shadow  avia-builder-el-1  el_after_av_slideshow_full  el_before_av_section  avia-bg-style-scroll container_wrap fullsize'  ><div class='container av-section-cont-open' ><div class='template-page content  av-content-full alpha units'><div class='post-entry post-entry-type-page post-entry-10079'><div class='entry-content-wrapper clearfix'>\n\n<style type=\"text\/css\" data-created_by=\"avia_inline_auto\" id=\"style-css-av-b335y-7c31f75e7392542a2793ed030a3e629e\">\n.flex_column.av-b335y-7c31f75e7392542a2793ed030a3e629e{\nborder-radius:0px 0px 0px 0px;\npadding:0px 0px 0px 0px;\n}\n<\/style>\n<div  class='flex_column av-b335y-7c31f75e7392542a2793ed030a3e629e av_one_full  avia-builder-el-2  el_before_av_one_half  avia-builder-el-first  first flex_column_div av-zero-column-padding  '     ><style type=\"text\/css\" data-created_by=\"avia_inline_auto\" id=\"style-css-av-sfchli-8104b1259e3953ad79ac7cbb01919fbb\">\n#top .av-special-heading.av-sfchli-8104b1259e3953ad79ac7cbb01919fbb{\npadding-bottom:10px;\n}\nbody .av-special-heading.av-sfchli-8104b1259e3953ad79ac7cbb01919fbb .av-special-heading-tag .heading-char{\nfont-size:25px;\n}\n.av-special-heading.av-sfchli-8104b1259e3953ad79ac7cbb01919fbb .av-subheading{\nfont-size:15px;\n}\n<\/style>\n<div  class='av-special-heading av-sfchli-8104b1259e3953ad79ac7cbb01919fbb av-special-heading-h1 blockquote modern-quote modern-centered  avia-builder-el-3  avia-builder-el-no-sibling '><h1 class='av-special-heading-tag '  itemprop=\"headline\"  >Buying tickets and season tickets 2025<\/h1><div class=\"special-heading-border\"><div class=\"special-heading-inner-border\"><\/div><\/div><\/div><\/div>\n<style type=\"text\/css\" data-created_by=\"avia_inline_auto\" id=\"style-css-av-r80rwm-aef327b061c45d09fce9168be80db0e3\">\n.flex_column.av-r80rwm-aef327b061c45d09fce9168be80db0e3{\nborder-radius:0px 0px 0px 0px;\npadding:0px 0px 0px 0px;\n}\n<\/style>\n<div  class='flex_column av-r80rwm-aef327b061c45d09fce9168be80db0e3 av_one_half  avia-builder-el-4  el_after_av_one_full  el_before_av_one_half  first flex_column_div av-zero-column-padding  column-top-margin'     ><section  class='av_textblock_section av-li5wmf58-df26d46ef48154dd79d8fac857c23f52 '   itemscope=\"itemscope\" itemtype=\"https:\/\/schema.org\/CreativeWork\" ><div class='avia_textblock'  itemprop=\"text\" ><h2 class=\"av-special-heading-tag\" style=\"text-align: center;\">Ticket and Pass Purchase for the Evening Concerts<\/h2>\n<p>Tickets for the 19th International Guitar Festival Balatonf\u00fcred can be purchased on the website and at the venues one hour before each concert.<\/p>\n<p><strong>Ticket prices<\/strong>:<\/p>\n<p>for the June 22, 2025 concert: 3,900 HUF<\/p>\n<p>for the June 23, 2025 concert: 2,900 HUF<\/p>\n<p>for the June 24, 2025 concert: 3,900 HUF<\/p>\n<p>for the June 25, 2025 concert: 3,900 HUF<\/p>\n<p>The venue for the June 26, 2025 concert is full \u2014 ticket purchase is not possible!<\/p>\n<p>The venue for the June 27, 2025 concert is full \u2014 ticket purchase is not possible!<\/p>\n<p>The venue for the June 28, 2025 concert is full \u2014 ticket purchase is not possible!<\/p>\n<p><strong>With our festival pass option<\/strong>, you can purchase a single pass for all concerts in advance. It\u2019s a more convenient way to attend \u2014 at the entrance, you simply show the pass on your smartphone. The pass costs 20,000 HUF and grants access to all concerts and public Masterclasses for one person \u2014 the pass holder.<\/p>\n<h3>Purchase tickets:<\/h3>\n<\/div><\/section><br \/>\n<div  class='avia-button-wrap av-lxupcb3p-7256f06aceca4d700c584acc36c4f8b9-wrap avia-button-left  avia-builder-el-6  el_after_av_textblock  el_before_av_button '>\n<style type=\"text\/css\" data-created_by=\"avia_inline_auto\" id=\"style-css-av-lxupcb3p-7256f06aceca4d700c584acc36c4f8b9\">\n#top #wrap_all .avia-button.av-lxupcb3p-7256f06aceca4d700c584acc36c4f8b9{\nbox-shadow: 5px 5px 10px 0px #adadad;\ntransition:all 0.4s ease-in-out;\n}\n<\/style>\n<a href='https:\/\/balatongitar.hu\/en\/berlet-jegy\/ticket-purchase-for-the-june-22-duo-azul-horizonte-concert\/'  class='avia-button av-lxupcb3p-7256f06aceca4d700c584acc36c4f8b9 av-link-btn avia-icon_select-yes-left-icon avia-size-small avia-position-left avia-color-theme-color'   aria-label=\"June 22, Sunday \u2013 Duo Azul Horizonte concert: 3,900 HUF\"><span class='avia_button_icon avia_button_icon_left avia-iconfont avia-font-entypo-fontello' data-av_icon='\ue800' data-av_iconfont='entypo-fontello' ><\/span><span class='avia_iconbox_title' >June 22, Sunday \u2013 Duo Azul Horizonte concert: 3,900 HUF<\/span><\/a><\/div><br \/>\n<div  class='avia-button-wrap av-m8mysdrq-eaecd411f45342134660e316b4d40fad-wrap avia-button-left  avia-builder-el-7  el_after_av_button  el_before_av_button '>\n<style type=\"text\/css\" data-created_by=\"avia_inline_auto\" id=\"style-css-av-m8mysdrq-eaecd411f45342134660e316b4d40fad\">\n#top #wrap_all .avia-button.av-m8mysdrq-eaecd411f45342134660e316b4d40fad{\nbox-shadow: 5px 5px 10px 0px #adadad;\ntransition:all 0.4s ease-in-out;\n}\n<\/style>\n<a href='https:\/\/balatongitar.hu\/en\/berlet-jegy\/ticket-purchase-for-the-june-23-concert-by-balint-bress-farkas-tatrai-and-ema-kapor\/'  class='avia-button av-m8mysdrq-eaecd411f45342134660e316b4d40fad av-link-btn avia-icon_select-yes-left-icon avia-size-small avia-position-left avia-color-theme-color'   aria-label=\"June 23, Monday \u2013 Concert by B\u00e1lint Bress, Farkas T\u00e1trai, and Ema Kapor: 2,900 HUF\"><span class='avia_button_icon avia_button_icon_left avia-iconfont avia-font-entypo-fontello' data-av_icon='\ue800' data-av_iconfont='entypo-fontello' ><\/span><span class='avia_iconbox_title' >June 23, Monday \u2013 Concert by B\u00e1lint Bress, Farkas T\u00e1trai, and Ema Kapor: 2,900 HUF<\/span><\/a><\/div><br \/>\n<div  class='avia-button-wrap av-m8myv7ty-44eae3cf36f2430711ef0ff0aaac3b99-wrap avia-button-left  avia-builder-el-8  el_after_av_button  el_before_av_button '>\n<style type=\"text\/css\" data-created_by=\"avia_inline_auto\" id=\"style-css-av-m8myv7ty-44eae3cf36f2430711ef0ff0aaac3b99\">\n#top #wrap_all .avia-button.av-m8myv7ty-44eae3cf36f2430711ef0ff0aaac3b99{\nbox-shadow: 5px 5px 10px 0px #adadad;\ntransition:all 0.4s ease-in-out;\n}\n<\/style>\n<a href='https:\/\/balatongitar.hu\/en\/berlet-jegy\/ticket-purchase-for-the-june-24-concert-by-peter-somogyi-laszlo-polus-jozsef-eotvos-and-the-guitar-orchestra-of-the-liszt-academy\/'  class='avia-button av-m8myv7ty-44eae3cf36f2430711ef0ff0aaac3b99 av-link-btn avia-icon_select-yes-left-icon avia-size-small avia-position-left avia-color-theme-color'   aria-label=\"June 24, Tuesday \u2013 Concert by P\u00e9ter Somogyi, L\u00e1szl\u00f3 P\u00f3lus, J\u00f3zsef E\u00f6tv\u00f6s &amp; the Guitar Orchestra of the Liszt Academy: 3,900 HUF\"><span class='avia_button_icon avia_button_icon_left avia-iconfont avia-font-entypo-fontello' data-av_icon='\ue800' data-av_iconfont='entypo-fontello' ><\/span><span class='avia_iconbox_title' >June 24, Tuesday \u2013 Concert by P\u00e9ter Somogyi, L\u00e1szl\u00f3 P\u00f3lus, J\u00f3zsef E\u00f6tv\u00f6s &amp; the Guitar Orchestra of the Liszt Academy: 3,900 HUF<\/span><\/a><\/div><br \/>\n<div  class='avia-button-wrap av-m8myynjm-466c59775da1abe446c1ea879536fc30-wrap avia-button-left  avia-builder-el-9  el_after_av_button  el_before_av_textblock '>\n<style type=\"text\/css\" data-created_by=\"avia_inline_auto\" id=\"style-css-av-m8myynjm-466c59775da1abe446c1ea879536fc30\">\n#top #wrap_all .avia-button.av-m8myynjm-466c59775da1abe446c1ea879536fc30{\nbox-shadow: 5px 5px 10px 0px #adadad;\ntransition:all 0.4s ease-in-out;\n}\n<\/style>\n<a href='https:\/\/balatongitar.hu\/en\/berlet-jegy\/ticket-purchase-for-the-june-25-lorenzo-micheli-concert\/'  class='avia-button av-m8myynjm-466c59775da1abe446c1ea879536fc30 av-link-btn avia-icon_select-yes-left-icon avia-size-small avia-position-left avia-color-theme-color'   aria-label=\"June 25, Wednesday \u2013 Lorenzo Micheli concert: 3,900 HUF\"><span class='avia_button_icon avia_button_icon_left avia-iconfont avia-font-entypo-fontello' data-av_icon='\ue800' data-av_iconfont='entypo-fontello' ><\/span><span class='avia_iconbox_title' >June 25, Wednesday \u2013 Lorenzo Micheli concert: 3,900 HUF<\/span><\/a><\/div><br \/>\n<section  class='av_textblock_section av-lxupgma9-fbc22e6dc788443d81cd8916cbb22810 '   itemscope=\"itemscope\" itemtype=\"https:\/\/schema.org\/CreativeWork\" ><div class='avia_textblock'  itemprop=\"text\" ><h3>Purchase a Festival Pass:<\/h3>\n<\/div><\/section><br \/>\n<div  class='avia-button-wrap av-lxuph9ym-b03bf2bc4c9fcddf55230bce53d33bdf-wrap avia-button-left  avia-builder-el-11  el_after_av_textblock  avia-builder-el-last '>\n<style type=\"text\/css\" data-created_by=\"avia_inline_auto\" id=\"style-css-av-lxuph9ym-b03bf2bc4c9fcddf55230bce53d33bdf\">\n#top #wrap_all .avia-button.av-lxuph9ym-b03bf2bc4c9fcddf55230bce53d33bdf{\nbox-shadow: 5px 5px 10px 0px #adadad;\ntransition:all 0.4s ease-in-out;\n}\n<\/style>\n<a href='https:\/\/balatongitar.hu\/en\/berlet-jegy\/international-guitar-festival-balatonfured-2025-festival-pass-valid-for-all-concerts-and-masterclasses\/'  class='avia-button av-lxuph9ym-b03bf2bc4c9fcddf55230bce53d33bdf av-link-btn avia-icon_select-yes-left-icon avia-size-small avia-position-left avia-color-theme-color'   aria-label=\"Festival pass for the 19th International Guitar Festival Balatonf\u00fcred \u2013 valid for all concerts and for attending the Masterclasses as a passive participant.\"><span class='avia_button_icon avia_button_icon_left avia-iconfont avia-font-entypo-fontello' data-av_icon='\ue800' data-av_iconfont='entypo-fontello' ><\/span><span class='avia_iconbox_title' >Festival pass for the 19th International Guitar Festival Balatonf\u00fcred \u2013 valid for all concerts and for attending the Masterclasses as a passive participant.<\/span><\/a><\/div><\/p><\/div>\n<style type=\"text\/css\" data-created_by=\"avia_inline_auto\" id=\"style-css-av-o0tm2e-c3bc524c33687facc8eb182e778eeeec\">\n.flex_column.av-o0tm2e-c3bc524c33687facc8eb182e778eeeec{\nborder-radius:0px 0px 0px 0px;\npadding:0px 0px 0px 0px;\n}\n<\/style>\n<div  class='flex_column av-o0tm2e-c3bc524c33687facc8eb182e778eeeec av_one_half  avia-builder-el-12  el_after_av_one_half  avia-builder-el-last  flex_column_div av-zero-column-padding  column-top-margin'     ><section  class='av_textblock_section av-lz2v2u-4f444c375ddbf880aa0334dac98bcabc '   itemscope=\"itemscope\" itemtype=\"https:\/\/schema.org\/CreativeWork\" ><div class='avia_textblock'  itemprop=\"text\" ><p><strong>USEFUL INFORMATION:<\/strong><\/p>\n<p>Your ticket or pass order becomes valid upon payment by bank transfer or credit card.<\/p>\n<p>Public Masterclasses are free to attend for passive participants \u2014 no ticket or pass is required. However, a purchased festival pass grants access to both the concerts and the Masterclasses.<\/p>\n<p>Purchased tickets and passes can be downloaded from your account on the website, and will also be sent via email.<br \/>Seating is on a first-come, first-served basis.<\/p>\n<p><strong>Bank transfer details:<\/strong><br \/>OTP BANK<br \/>Account number: 11742111\u201320062297<br \/>Recipient: <em>E\u00f6tv\u00f6s Zenei Alap\u00edtv\u00e1ny<\/em><\/p>\n<p>In case of bank transfer, please include the following in the comment\/message field:<br \/><strong>Guitar Festival 2025 \u2013 ticket + name of the ticket holder<\/strong><\/p>\n<p>If paying by credit card (via Stripe), <strong>no comment is needed<\/strong>.<\/p>\n<p><strong>Please make sure to bring your ticket or pass either on your phone or printed out, as payments made via bank transfer right before the concert may not appear on our bank statement in time.<\/strong><\/p>\n<\/div><\/section><\/div><\/div><\/div><\/div><!-- close content main div --><\/div><\/div><div id='av_section_2'  class='avia-section av-l9nfty-f487c65d3731e3c89f5ba7a01e6a660d main_color avia-section-small avia-no-border-styling  avia-builder-el-14  el_after_av_section  avia-builder-el-last  avia-bg-style-scroll container_wrap fullsize'  ><div class='container av-section-cont-open' ><div class='template-page content  av-content-full alpha units'><div class='post-entry post-entry-type-page post-entry-10079'><div class='entry-content-wrapper clearfix'>\n\n<style type=\"text\/css\" data-created_by=\"avia_inline_auto\" id=\"style-css-av-iuhd5i-d905610b7d4cc03b45f56024a149ff08\">\n.flex_column.av-iuhd5i-d905610b7d4cc03b45f56024a149ff08{\nborder-radius:0px 0px 0px 0px;\npadding:0px 0px 0px 0px;\n}\n<\/style>\n<div  class='flex_column av-iuhd5i-d905610b7d4cc03b45f56024a149ff08 av_one_full  avia-builder-el-15  avia-builder-el-no-sibling  first flex_column_div av-zero-column-padding  '     ><div  class='avia-logo-element-container av-7g4cg6-528f37212f2167e72e4278f3ada41784 av-border-deactivate avia-logo-slider avia-content-slider avia-smallarrow-slider avia-content-slider-active noHover avia-content-slider-odd  avia-builder-el-16  avia-builder-el-no-sibling  av-slideshow-ui av-control-hidden av-nav-arrows-visible av-nav-dots-visible av-no-slider-navigation av-hide-nav-arrows av-slideshow-autoplay av-loop-endless av-loop-manual-endless avia-content-slider1' data-slideshow-options=\"{&quot;animation&quot;:&quot;fade&quot;,&quot;autoplay&quot;:true,&quot;loop_autoplay&quot;:&quot;endless&quot;,&quot;interval&quot;:3,&quot;loop_manual&quot;:&quot;manual-endless&quot;,&quot;autoplay_stopper&quot;:false,&quot;noNavigation&quot;:true,&quot;bg_slider&quot;:false,&quot;keep_padding&quot;:&quot;&quot;,&quot;hoverpause&quot;:false,&quot;show_slide_delay&quot;:0}\"><div class='avia-smallarrow-slider-heading  no-logo-slider-heading '><\/div><div class=\"avia-content-slider-inner\"><div class=\"slide-entry-wrap\"><div  class='slide-entry av-6jcfli-3b4179f4d8bcced4fdf1fe202f2db374 flex_column no_margin av_one_third real-thumbnail post-entry slide-entry-overview slide-loop-1 slide-parity-odd  first'><img decoding=\"async\" fetchpriority=\"high\" width=\"800\" height=\"400\" src=\"https:\/\/balatongitar.hu\/wp-content\/uploads\/2022\/06\/bf-onk800x400.png\" class=\"wp-image-13020 avia-img-lazy-loading-not-13020 attachment-no scaling size-no scaling\" alt=\"\" srcset=\"https:\/\/balatongitar.hu\/wp-content\/uploads\/2022\/06\/bf-onk800x400.png 800w, https:\/\/balatongitar.hu\/wp-content\/uploads\/2022\/06\/bf-onk800x400-600x300.png 600w, https:\/\/balatongitar.hu\/wp-content\/uploads\/2022\/06\/bf-onk800x400-300x150.png 300w, https:\/\/balatongitar.hu\/wp-content\/uploads\/2022\/06\/bf-onk800x400-768x384.png 768w, https:\/\/balatongitar.hu\/wp-content\/uploads\/2022\/06\/bf-onk800x400-705x353.png 705w\" sizes=\"(max-width: 800px) 100vw, 800px\" \/><\/div><div  class='slide-entry av-hm7o6-88758eab9058c57a70f20ea256e65c8c flex_column no_margin av_one_third real-thumbnail post-entry slide-entry-overview slide-loop-2 slide-parity-even  '><img decoding=\"async\" fetchpriority=\"high\" width=\"800\" height=\"400\" src=\"https:\/\/balatongitar.hu\/wp-content\/uploads\/2022\/06\/06_EOTVOS_BIG_tamogatok_6.png\" class=\"wp-image-12999 avia-img-lazy-loading-not-12999 attachment-no scaling size-no scaling\" alt=\"\" srcset=\"https:\/\/balatongitar.hu\/wp-content\/uploads\/2022\/06\/06_EOTVOS_BIG_tamogatok_6.png 800w, https:\/\/balatongitar.hu\/wp-content\/uploads\/2022\/06\/06_EOTVOS_BIG_tamogatok_6-600x300.png 600w, https:\/\/balatongitar.hu\/wp-content\/uploads\/2022\/06\/06_EOTVOS_BIG_tamogatok_6-300x150.png 300w, https:\/\/balatongitar.hu\/wp-content\/uploads\/2022\/06\/06_EOTVOS_BIG_tamogatok_6-768x384.png 768w, https:\/\/balatongitar.hu\/wp-content\/uploads\/2022\/06\/06_EOTVOS_BIG_tamogatok_6-705x353.png 705w\" sizes=\"(max-width: 800px) 100vw, 800px\" \/><\/div><div  class='slide-entry av-23qrgm-be31fce691e077bc096d2162f3d85c2b flex_column no_margin av_one_third real-thumbnail post-entry slide-entry-overview slide-loop-3 slide-parity-odd post-entry-last '><img decoding=\"async\" fetchpriority=\"high\" width=\"800\" height=\"400\" src=\"https:\/\/balatongitar.hu\/wp-content\/uploads\/2022\/06\/11_77ELEKTR_BIG_tamogatok_11.png\" class=\"wp-image-12988 avia-img-lazy-loading-not-12988 attachment-no scaling size-no scaling\" alt=\"\" srcset=\"https:\/\/balatongitar.hu\/wp-content\/uploads\/2022\/06\/11_77ELEKTR_BIG_tamogatok_11.png 800w, https:\/\/balatongitar.hu\/wp-content\/uploads\/2022\/06\/11_77ELEKTR_BIG_tamogatok_11-600x300.png 600w, https:\/\/balatongitar.hu\/wp-content\/uploads\/2022\/06\/11_77ELEKTR_BIG_tamogatok_11-300x150.png 300w, https:\/\/balatongitar.hu\/wp-content\/uploads\/2022\/06\/11_77ELEKTR_BIG_tamogatok_11-768x384.png 768w, https:\/\/balatongitar.hu\/wp-content\/uploads\/2022\/06\/11_77ELEKTR_BIG_tamogatok_11-705x353.png 705w\" sizes=\"(max-width: 800px) 100vw, 800px\" \/><\/div><\/div><\/div><\/div><\/div>\n<\/p>\n","protected":false},"excerpt":{"rendered":"","protected":false},"author":1,"featured_media":0,"parent":0,"menu_order":0,"comment_status":"closed","ping_status":"closed","template":"","meta":{"footnotes":""},"class_list":["post-10079","page","type-page","status-publish","hentry"],"_links":{"self":[{"href":"https:\/\/balatongitar.hu\/en\/wp-json\/wp\/v2\/pages\/10079","targetHints":{"allow":["GET"]}}],"collection":[{"href":"https:\/\/balatongitar.hu\/en\/wp-json\/wp\/v2\/pages"}],"about":[{"href":"https:\/\/balatongitar.hu\/en\/wp-json\/wp\/v2\/types\/page"}],"author":[{"embeddable":true,"href":"https:\/\/balatongitar.hu\/en\/wp-json\/wp\/v2\/users\/1"}],"replies":[{"embeddable":true,"href":"https:\/\/balatongitar.hu\/en\/wp-json\/wp\/v2\/comments?post=10079"}],"version-history":[{"count":15,"href":"https:\/\/balatongitar.hu\/en\/wp-json\/wp\/v2\/pages\/10079\/revisions"}],"predecessor-version":[{"id":15034,"href":"https:\/\/balatongitar.hu\/en\/wp-json\/wp\/v2\/pages\/10079\/revisions\/15034"}],"wp:attachment":[{"href":"https:\/\/balatongitar.hu\/en\/wp-json\/wp\/v2\/media?parent=10079"}],"curies":[{"name":"wp","href":"https:\/\/api.w.org\/{rel}","templated":true}]}}